{"id":481,"date":"2023-03-21T18:14:57","date_gmt":"2023-03-21T17:14:57","guid":{"rendered":"http:\/\/gtvbfc.com\/?page_id=481"},"modified":"2024-06-20T07:52:44","modified_gmt":"2024-06-20T05:52:44","slug":"rejoindre-le-groupement","status":"publish","type":"page","link":"https:\/\/gtvbfc.com\/index.php\/rejoindre-le-groupement\/","title":{"rendered":"Rejoindre le Groupement"},"content":{"rendered":"<div data-colibri-id=\"481-c1\" class=\"style-475 style-local-481-c1 position-relative\">\n  <!---->\n  <div data-colibri-component=\"section\" data-colibri-id=\"481-c2\" id=\"content\" class=\"h-section h-section-global-spacing d-flex align-items-lg-center align-items-md-center align-items-center style-476 style-local-481-c2 position-relative\">\n    <!---->\n    <!---->\n    <div class=\"h-section-grid-container h-section-boxed-container\">\n      <!---->\n      <div data-colibri-id=\"481-c3\" class=\"h-row-container gutters-row-lg-2 gutters-row-md-2 gutters-row-2 gutters-row-v-lg-2 gutters-row-v-md-2 gutters-row-v-2 style-477 style-local-481-c3 position-relative\">\n        <!---->\n        <div class=\"h-row justify-content-lg-center justify-content-md-center justify-content-center align-items-lg-stretch align-items-md-stretch align-items-stretch gutters-col-lg-2 gutters-col-md-2 gutters-col-2 gutters-col-v-lg-2 gutters-col-v-md-2 gutters-col-v-2\">\n          <!---->\n          <div class=\"h-column h-column-container d-flex h-col-lg-auto h-col-md-auto h-col-auto style-478-outer style-local-481-c4-outer\">\n            <div data-colibri-id=\"481-c4\" class=\"d-flex h-flex-basis h-column__inner h-px-lg-0 h-px-md-2 h-px-0 v-inner-lg-0 v-inner-md-2 v-inner-0 style-478 style-local-481-c4 position-relative\">\n              <!---->\n              <!---->\n              <div class=\"w-100 h-y-container h-column__content h-column__v-align flex-basis-100 align-self-lg-center align-self-md-center align-self-center\">\n                <!---->\n                <div data-colibri-id=\"481-c5\" class=\"d-block style-479 style-local-481-c5 position-relative h-element\">\n                  <!---->\n                  <div class=\"h-image__frame-container-outer\">\n                    <div class=\"h-image__frame-container\">\n                      <!---->\n                      <!---->\n                      <img loading=\"lazy\" decoding=\"async\" width=\"1200\" height=\"768\" src=\"https:\/\/gtvbfc.com\/wp-content\/uploads\/2023\/03\/veto.jpg\" class=\"wp-image-241 style-479-image style-local-481-c5-image\" alt=\"\" srcset=\"https:\/\/gtvbfc.com\/wp-content\/uploads\/2023\/03\/veto.jpg 1200w, https:\/\/gtvbfc.com\/wp-content\/uploads\/2023\/03\/veto-300x192.jpg 300w, https:\/\/gtvbfc.com\/wp-content\/uploads\/2023\/03\/veto-1024x655.jpg 1024w, https:\/\/gtvbfc.com\/wp-content\/uploads\/2023\/03\/veto-768x492.jpg 768w\" sizes=\"auto, (max-width: 1200px) 100vw, 1200px\" \/>\n                      <div class=\"h-image__frame h-hide-sm style-479-frameImage style-local-481-c5-frameImage\"><\/div>\n                    <\/div>\n                  <\/div>\n                <\/div>\n              <\/div>\n            <\/div>\n          <\/div>\n          <div class=\"h-column h-column-container d-flex h-col-lg-auto h-col-md-auto h-col-auto style-480-outer style-local-481-c6-outer\">\n            <div data-colibri-id=\"481-c6\" class=\"d-flex h-flex-basis h-column__inner h-px-lg-0 h-px-md-0 h-px-2 v-inner-lg-0 v-inner-md-0 v-inner-2 style-480 style-local-481-c6 position-relative\">\n              <!---->\n              <!---->\n              <div class=\"w-100 h-y-container h-column__content h-column__v-align flex-basis-100 align-self-lg-center align-self-md-center align-self-center\">\n                <!---->\n                <div data-colibri-id=\"481-c7\" class=\"h-global-transition-all h-heading style-481 style-local-481-c7 position-relative h-element\">\n                  <!---->\n                  <div class=\"h-heading__outer style-481 style-local-481-c7\">\n                    <!---->\n                    <!---->\n                    <h3 class=\"\">Dynamiser le r\u00e9seau des v\u00e9t\u00e9rinaires<\/h3>\n                  <\/div>\n                <\/div>\n                <div data-colibri-id=\"481-c8\" class=\"h-text h-text-component style-482 style-local-481-c8 position-relative h-element\">\n                  <!---->\n                  <!---->\n                  <div class=\"\">\n                    <p>Adh\u00e9rer au GTV BFC permet de soutenir&nbsp;:<\/p>\n                  <\/div>\n                <\/div>\n                <div data-colibri-id=\"481-c9\" class=\"icon-list d-flex justify-content-lg-center justify-content-md-center justify-content-center style-2256 style-local-481-c9 position-relative h-element\">\n                  <!---->\n                  <ul class=\"ul-list-icon vertical-on-desktop vertical-on-tablet vertical-on-mobile justify-content-lg-center justify-content-md-center justify-content-center\">\n                    <!---->\n                    <li class=\"list-item no-gutters\">\n                      <!---->\n                      <div class=\"list-container-divider d-flex justify-content-lg-center justify-content-md-center justify-content-center first-el-spacer\"><\/div> <span class=\"item-link no-gutters\"><div class=\"d-flex h-col no-gutters align-items-lg-center align-items-md-center align-items-center list-item-text-wrapper\"><div class=\"d-flex\"><span  class=\"h-svg-icon style-2256-icon style-local-481-c9-icon\"><!--Icon by Font Awesome (https:\/\/fontawesome.com)-->\n    <svg version=\"1.1\" xmlns=\"http:\/\/www.w3.org\/2000\/svg\" xmlns:xlink=\"http:\/\/www.w3.org\/1999\/xlink\" id=\"check\" viewBox=\"0 0 1792 1896.0833\">\n      <path d=\"M1671 566q0 40-28 68l-724 724-136 136q-28 28-68 28t-68-28l-136-136-362-362q-28-28-28-68t28-68l136-136q28-28 68-28t68 28l294 295 656-657q28-28 68-28t68 28l136 136q28 28 28 68z\"><\/path>\n    <\/svg><\/span><\/div> <span class=\"list-text d-block\"><span>Les actions de l\u2019association en faveur de la lutte contre l\u2019apparition de d\u00e9serts m\u00e9dicaux, notamment le financement des stages des \u00e9tudiants v\u00e9t\u00e9rinaires.<\/span><\/span>\n              <\/div>\n              <\/span>\n              <div class=\"list-container-divider d-flex justify-content-lg-center justify-content-md-center justify-content-center\">\n                <!---->\n              <\/div>\n              <\/li>\n              <li class=\"list-item no-gutters\">\n                <!---->\n                <!----><span class=\"item-link no-gutters\"><div class=\"d-flex h-col no-gutters align-items-lg-center align-items-md-center align-items-center list-item-text-wrapper\"><div class=\"d-flex\"><span  class=\"h-svg-icon style-2256-icon style-local-481-c9-icon\"><!--Icon by Font Awesome (https:\/\/fontawesome.com)-->\n    <svg version=\"1.1\" xmlns=\"http:\/\/www.w3.org\/2000\/svg\" xmlns:xlink=\"http:\/\/www.w3.org\/1999\/xlink\" id=\"check\" viewBox=\"0 0 1792 1896.0833\">\n      <path d=\"M1671 566q0 40-28 68l-724 724-136 136q-28 28-68 28t-68-28l-136-136-362-362q-28-28-28-68t28-68l136-136q28-28 68-28t68 28l294 295 656-657q28-28 68-28t68 28l136 136q28 28 28 68z\"><\/path>\n    <\/svg><\/span><\/div> <span class=\"list-text d-block\"><span>La repr\u00e9sentation de la profession v\u00e9t\u00e9rinaire<\/span><\/span>\n          <\/div>\n          <\/span>\n          <div class=\"list-container-divider d-flex justify-content-lg-center justify-content-md-center justify-content-center\">\n            <!---->\n          <\/div>\n          <\/li>\n          <li class=\"list-item no-gutters\">\n            <!---->\n            <!----><span class=\"item-link no-gutters\"><div class=\"d-flex h-col no-gutters align-items-lg-center align-items-md-center align-items-center list-item-text-wrapper\"><div class=\"d-flex\"><span  class=\"h-svg-icon style-2256-icon style-local-481-c9-icon\"><!--Icon by Font Awesome (https:\/\/fontawesome.com)-->\n    <svg version=\"1.1\" xmlns=\"http:\/\/www.w3.org\/2000\/svg\" xmlns:xlink=\"http:\/\/www.w3.org\/1999\/xlink\" id=\"check\" viewBox=\"0 0 1792 1896.0833\">\n      <path d=\"M1671 566q0 40-28 68l-724 724-136 136q-28 28-68 28t-68-28l-136-136-362-362q-28-28-28-68t28-68l136-136q28-28 68-28t68 28l294 295 656-657q28-28 68-28t68 28l136 136q28 28 28 68z\"><\/path>\n    <\/svg><\/span><\/div> <span class=\"list-text d-block\"><span>Le d\u00e9veloppement de projets innovants en m\u00e9decine v\u00e9t\u00e9rinaire.<\/span><\/span>\n      <\/div>\n      <\/span>\n      <div class=\"list-container-divider d-flex justify-content-lg-center justify-content-md-center justify-content-center\" style=\"display: none;\">\n        <!---->\n      <\/div>\n      <div class=\"list-container-divider d-flex justify-content-lg-center justify-content-md-center justify-content-center last-el-spacer\"><\/div>\n      <\/li>\n      <\/ul>\n    <\/div>\n  <\/div>\n<\/div>\n<\/div>\n<\/div>\n<\/div>\n<div data-colibri-id=\"481-c10\" class=\"h-row-container gutters-row-lg-2 gutters-row-md-2 gutters-row-0 gutters-row-v-lg-2 gutters-row-v-md-2 gutters-row-v-2 style-2257 style-local-481-c10 position-relative\">\n  <!---->\n  <div class=\"h-row justify-content-lg-center justify-content-md-center justify-content-center align-items-lg-stretch align-items-md-stretch align-items-stretch gutters-col-lg-2 gutters-col-md-2 gutters-col-0 gutters-col-v-lg-2 gutters-col-v-md-2 gutters-col-v-2\">\n    <!---->\n    <div class=\"h-column h-column-container d-flex h-col-lg-auto h-col-md-auto h-col-auto style-2258-outer style-local-481-c11-outer\">\n      <div data-colibri-id=\"481-c11\" class=\"d-flex h-flex-basis h-column__inner h-px-lg-2 h-px-md-2 h-px-2 v-inner-lg-2 v-inner-md-2 v-inner-2 style-2258 style-local-481-c11 position-relative\">\n        <!---->\n        <!---->\n        <div class=\"w-100 h-y-container h-column__content h-column__v-align flex-basis-100 align-self-lg-start align-self-md-start align-self-start\">\n          <!---->\n          <div data-colibri-id=\"481-c12\" class=\"h-text h-text-component style-2260 style-local-481-c12 position-relative h-element\">\n            <!---->\n            <!---->\n            <div class=\"\">\n              <p>L\u2019adh\u00e9sion au GTV BFC est indissociable de celle \u00e0 la SNGTV. Vous b\u00e9n\u00e9ficiez de tarif pr\u00e9f\u00e9rentiel sur les formations du GTV BFC et de la SNGTV. Nous tenons \u00e0 remercier nos cons\u0153urs et confr\u00e8res pour la confiance qu\u2019ils nous accordent.<\/p>\n            <\/div>\n          <\/div>\n        <\/div>\n      <\/div>\n    <\/div>\n    <div class=\"h-column h-column-container d-flex h-col-lg-auto h-col-md-auto h-col-auto style-2259-outer style-local-481-c13-outer\">\n      <div data-colibri-id=\"481-c13\" class=\"d-flex h-flex-basis h-column__inner h-px-lg-2 h-px-md-2 h-px-2 v-inner-lg-2 v-inner-md-2 v-inner-2 style-2259 style-local-481-c13 position-relative\">\n        <!---->\n        <!---->\n        <div class=\"w-100 h-y-container h-column__content h-column__v-align flex-basis-100 align-self-lg-start align-self-md-start align-self-start\">\n          <!---->\n          <div data-colibri-id=\"481-c14\" class=\"h-x-container style-2261 style-local-481-c14 position-relative h-element\">\n            <!---->\n            <div class=\"h-x-container-inner style-dynamic-481-c14-group style-2261-spacing style-local-481-c14-spacing\"><span class=\"h-button__outer style-2262-outer style-local-481-c15-outer d-inline-flex h-element\"><a h-use-smooth-scroll=\"true\" href=\"https:\/\/gtvbfc.com\/wp-content\/uploads\/2024\/06\/2024-Bulletin-Cotisations-GTVBFC-SNGTV-vf2.xls\" target=\"_blank\" data-colibri-id=\"481-c15\" class=\"d-flex w-100 align-items-center h-button justify-content-lg-center justify-content-md-center justify-content-center style-2262 style-local-481-c15 position-relative\" rel=\"noopener\"><!----><!----> <span>Formulaire d&rsquo;adh\u00e9sion<\/span><\/a>\n              <\/span>\n            <\/div>\n          <\/div>\n        <\/div>\n      <\/div>\n    <\/div>\n  <\/div>\n<\/div>\n<\/div>\n<\/div>\n<\/div>","protected":false},"excerpt":{"rendered":"<p>Dynamiser le r\u00e9seau des v\u00e9t\u00e9rinaires Adh\u00e9rer au GTV BFC permet de soutenir&nbsp;: Les actions de l\u2019association en faveur de la lutte contre l\u2019apparition de d\u00e9serts m\u00e9dicaux, notamment le financement des stages des \u00e9tudiants v\u00e9t\u00e9rinaires. La repr\u00e9sentation de la profession v\u00e9t\u00e9rinaire Le d\u00e9veloppement de projets innovants en m\u00e9decine v\u00e9t\u00e9rinaire. L\u2019adh\u00e9sion au GTV BFC est indissociable de [&hellip;]<\/p>\n","protected":false},"author":1,"featured_media":0,"parent":0,"menu_order":0,"comment_status":"closed","ping_status":"closed","template":"page-templates\/full-width-page.php","meta":{"footnotes":""},"class_list":["post-481","page","type-page","status-publish","hentry"],"_links":{"self":[{"href":"https:\/\/gtvbfc.com\/index.php\/wp-json\/wp\/v2\/pages\/481","targetHints":{"allow":["GET"]}}],"collection":[{"href":"https:\/\/gtvbfc.com\/index.php\/wp-json\/wp\/v2\/pages"}],"about":[{"href":"https:\/\/gtvbfc.com\/index.php\/wp-json\/wp\/v2\/types\/page"}],"author":[{"embeddable":true,"href":"https:\/\/gtvbfc.com\/index.php\/wp-json\/wp\/v2\/users\/1"}],"replies":[{"embeddable":true,"href":"https:\/\/gtvbfc.com\/index.php\/wp-json\/wp\/v2\/comments?post=481"}],"version-history":[{"count":8,"href":"https:\/\/gtvbfc.com\/index.php\/wp-json\/wp\/v2\/pages\/481\/revisions"}],"predecessor-version":[{"id":4935,"href":"https:\/\/gtvbfc.com\/index.php\/wp-json\/wp\/v2\/pages\/481\/revisions\/4935"}],"wp:attachment":[{"href":"https:\/\/gtvbfc.com\/index.php\/wp-json\/wp\/v2\/media?parent=481"}],"curies":[{"name":"wp","href":"https:\/\/api.w.org\/{rel}","templated":true}]}}