{"id":2446,"date":"2023-07-04T09:08:58","date_gmt":"2023-07-04T07:08:58","guid":{"rendered":"http:\/\/gtvbfc.com\/?page_id=2446"},"modified":"2025-03-31T15:49:18","modified_gmt":"2025-03-31T13:49:18","slug":"formations-eleveurs","status":"publish","type":"page","link":"https:\/\/gtvbfc.com\/index.php\/formations-eleveurs\/","title":{"rendered":"Formations \u00c9leveurs"},"content":{"rendered":"\n<p class=\"has-text-align-center has-colibri-color-5-color has-text-color has-background has-medium-font-size\" style=\"background-color:#eb9f24\">Tous les organismes int\u00e9ress\u00e9s peuvent piocher dans le catalogue pour organiser des formations \u00e0 l&rsquo;attention de leur public d&rsquo;\u00e9leveurs. Th\u00e8mes, conditions et dur\u00e9es sont indiqu\u00e9s pour chaque formation.<\/p>\n\n\n\n<div data-wp-interactive=\"core\/file\" class=\"wp-block-file\"><object data-wp-bind--hidden=\"!state.hasPdfPreview\" hidden class=\"wp-block-file__embed\" data=\"https:\/\/gtvbfc.com\/wp-content\/uploads\/2025\/03\/CATALOGUE-FORMATION-GTVBFC_Version-2025.pdf\" type=\"application\/pdf\" style=\"width:100%;height:1200px\" aria-label=\"Contenu embarqu\u00e9 CATALOGUE FORMATION GTVBFC_Version 2025.\"><\/object><a id=\"wp-block-file--media-b10865e1-15b4-4ab2-a229-7d5877ea08fc\" href=\"https:\/\/gtvbfc.com\/wp-content\/uploads\/2025\/03\/CATALOGUE-FORMATION-GTVBFC_Version-2025.pdf\">CATALOGUE FORMATION GTVBFC_Version 2025<\/a><a href=\"https:\/\/gtvbfc.com\/wp-content\/uploads\/2025\/03\/CATALOGUE-FORMATION-GTVBFC_Version-2025.pdf\" class=\"wp-block-file__button wp-element-button\" download aria-describedby=\"wp-block-file--media-b10865e1-15b4-4ab2-a229-7d5877ea08fc\">T\u00e9l\u00e9charger<\/a><\/div>\n","protected":false},"excerpt":{"rendered":"<p>Tous les organismes int\u00e9ress\u00e9s peuvent piocher dans le catalogue pour organiser des formations \u00e0 l&rsquo;attention de leur public d&rsquo;\u00e9leveurs. Th\u00e8mes, conditions et dur\u00e9es sont indiqu\u00e9s pour chaque formation.<\/p>\n","protected":false},"author":1,"featured_media":0,"parent":0,"menu_order":0,"comment_status":"closed","ping_status":"closed","template":"page-templates\/full-width-page.php","meta":{"footnotes":""},"class_list":["post-2446","page","type-page","status-publish","hentry"],"_links":{"self":[{"href":"https:\/\/gtvbfc.com\/index.php\/wp-json\/wp\/v2\/pages\/2446","targetHints":{"allow":["GET"]}}],"collection":[{"href":"https:\/\/gtvbfc.com\/index.php\/wp-json\/wp\/v2\/pages"}],"about":[{"href":"https:\/\/gtvbfc.com\/index.php\/wp-json\/wp\/v2\/types\/page"}],"author":[{"embeddable":true,"href":"https:\/\/gtvbfc.com\/index.php\/wp-json\/wp\/v2\/users\/1"}],"replies":[{"embeddable":true,"href":"https:\/\/gtvbfc.com\/index.php\/wp-json\/wp\/v2\/comments?post=2446"}],"version-history":[{"count":8,"href":"https:\/\/gtvbfc.com\/index.php\/wp-json\/wp\/v2\/pages\/2446\/revisions"}],"predecessor-version":[{"id":6461,"href":"https:\/\/gtvbfc.com\/index.php\/wp-json\/wp\/v2\/pages\/2446\/revisions\/6461"}],"wp:attachment":[{"href":"https:\/\/gtvbfc.com\/index.php\/wp-json\/wp\/v2\/media?parent=2446"}],"curies":[{"name":"wp","href":"https:\/\/api.w.org\/{rel}","templated":true}]}}