{"id":2437,"date":"2023-07-04T09:07:27","date_gmt":"2023-07-04T07:07:27","guid":{"rendered":"http:\/\/gtvbfc.com\/?page_id=2437"},"modified":"2025-08-19T17:48:42","modified_gmt":"2025-08-19T15:48:42","slug":"formations-veterinaires","status":"publish","type":"page","link":"https:\/\/gtvbfc.com\/index.php\/formations-veterinaires\/","title":{"rendered":"Formations v\u00e9t\u00e9rinaires"},"content":{"rendered":"<div data-colibri-id=\"2437-c1\" class=\"style-2281 style-local-2437-c1 position-relative\">\r\n  <!---->\r\n  <div data-colibri-component=\"section\" data-colibri-id=\"2437-c2\" id=\"reusable-sections\" class=\"h-section h-section-global-spacing d-flex align-items-lg-center align-items-md-center align-items-center style-2282 style-local-2437-c2 position-relative\">\r\n    <!---->\r\n    <!---->\r\n    <div class=\"h-section-grid-container h-section-fluid-container\">\r\n      <!---->\r\n      <div data-colibri-id=\"2437-c3\" class=\"h-row-container gutters-row-lg-2 gutters-row-md-2 gutters-row-0 gutters-row-v-lg-2 gutters-row-v-md-2 gutters-row-v-2 style-2283 style-local-2437-c3 position-relative\">\r\n        <!---->\r\n        <div class=\"h-row justify-content-lg-center justify-content-md-center justify-content-center align-items-lg-stretch align-items-md-stretch align-items-stretch gutters-col-lg-2 gutters-col-md-2 gutters-col-0 gutters-col-v-lg-2 gutters-col-v-md-2 gutters-col-v-2\">\r\n          <!---->\r\n          <div class=\"h-column h-column-container d-flex h-col-lg-auto h-col-md-auto h-col-auto style-2284-outer style-local-2437-c4-outer\">\r\n            <div data-colibri-id=\"2437-c4\" class=\"d-flex h-flex-basis h-column__inner h-px-lg-2 h-px-md-2 h-px-2 v-inner-lg-2 v-inner-md-2 v-inner-2 style-2284 style-local-2437-c4 position-relative\">\r\n              <!---->\r\n              <!---->\r\n              <div class=\"w-100 h-y-container h-column__content h-column__v-align flex-basis-100 align-self-lg-start align-self-md-start align-self-start\">\r\n                <!---->\r\n                <div data-colibri-id=\"2437-c5\" class=\"h-row-container gutters-row-lg-1 gutters-row-md-1 gutters-row-0 gutters-row-v-lg-1 gutters-row-v-md-1 gutters-row-v-1 colibri-dynamic-list style-2285 style-local-2437-c5 position-relative\">\r\n                  <!---->\r\n                  <div data-colibri-component=\"masonry\" class=\"h-row justify-content-lg-start justify-content-md-start justify-content-start align-items-lg-stretch align-items-md-stretch align-items-stretch gutters-col-lg-1 gutters-col-md-1 gutters-col-0 gutters-col-v-lg-1 gutters-col-v-md-1 gutters-col-v-1 style-2285-row style-local-2437-c5-row\">\r\n                    <!---->\n        <div class=\"h-column h-column-container d-flex h-col-lg-3 h-col-md-6 h-col-12 post-8075 post type-post status-publish format-standard has-post-thumbnail hentry category-formation-veterinaire masonry-item style-2286-outer style-local-2437-c6-outer\"><div data-colibri-id=\"2437-c6\" class=\"d-flex h-flex-basis h-column__inner h-px-lg-2 h-px-md-2 h-px-2 v-inner-lg-2 v-inner-md-2 v-inner-2 style-2286 style-local-2437-c6 position-relative\"> <div class=\"w-100 h-y-container h-column__content h-column__v-align flex-basis-100 align-self-lg-start align-self-md-start align-self-start\"> <div data-href=\"https:\/\/gtvbfc.com\/index.php\/2026\/04\/03\/journee-technique-2026-jeudi-15-octobre-a-beaune\/\" data-colibri-component=\"link\" data-colibri-id=\"2437-c7\" class=\"colibri-post-thumbnail colibri-post-has-thumbnail style-2287 style-local-2437-c7 h-overflow-hidden position-relative h-element\"><div class=\"h-global-transition-all colibri-post-thumbnail-shortcode style-dynamic-2437-c7-height\">            <a href=\"https:\/\/gtvbfc.com\/index.php\/2026\/04\/03\/journee-technique-2026-jeudi-15-octobre-a-beaune\/\" title=\"Journ\u00e9e Technique 2026 : jeudi 15 octobre, \u00e0 Beaune\">\n\t\t\t\t<img loading=\"lazy\" decoding=\"async\" width=\"1024\" height=\"768\" src=\"https:\/\/gtvbfc.com\/wp-content\/uploads\/2026\/02\/GTV-COMM-5.jpg\" class=\"attachment-post-thumbnail size-post-thumbnail wp-post-image\" alt=\"\" srcset=\"https:\/\/gtvbfc.com\/wp-content\/uploads\/2026\/02\/GTV-COMM-5.jpg 1024w, https:\/\/gtvbfc.com\/wp-content\/uploads\/2026\/02\/GTV-COMM-5-300x225.jpg 300w, https:\/\/gtvbfc.com\/wp-content\/uploads\/2026\/02\/GTV-COMM-5-768x576.jpg 768w\" sizes=\"auto, (max-width: 1024px) 100vw, 1024px\" \/>            <\/a>\n\t\t\t<\/div> <div class=\"colibri-post-thumbnail-content align-items-lg-center align-items-md-center align-items-center flex-basis-100\"><div class=\"w-100 h-y-container\"> <\/div><\/div><\/div><div data-colibri-id=\"2437-c8\" class=\"h-row-container gutters-row-lg-2 gutters-row-md-2 gutters-row-2 gutters-row-v-lg-2 gutters-row-v-md-2 gutters-row-v-2 style-2288 style-local-2437-c8 position-relative\"><div class=\"h-row justify-content-lg-center justify-content-md-center justify-content-center align-items-lg-stretch align-items-md-stretch align-items-stretch gutters-col-lg-2 gutters-col-md-2 gutters-col-2 gutters-col-v-lg-2 gutters-col-v-md-2 gutters-col-v-2\"> <div class=\"h-column h-column-container d-flex h-col-lg h-col-md h-col-auto style-2289-outer style-local-2437-c9-outer\"><div data-colibri-id=\"2437-c9\" class=\"d-flex h-flex-basis h-column__inner h-px-lg-2 h-px-md-2 h-px-2 v-inner-lg-2 v-inner-md-2 v-inner-2 style-2289 style-local-2437-c9 position-relative\"> <div class=\"w-100 h-y-container h-column__content h-column__v-align flex-basis-100 align-self-lg-start align-self-md-start align-self-start\"> <div data-colibri-id=\"2437-c10\" class=\"h-blog-title style-2290 style-local-2437-c10 position-relative h-element\"><div class=\"h-global-transition-all\"><a href=\"https:\/\/gtvbfc.com\/index.php\/2026\/04\/03\/journee-technique-2026-jeudi-15-octobre-a-beaune\/\"><h4 class=\"colibri-word-wrap\">Journ\u00e9e Technique 2026 : jeudi 15 octobre, \u00e0 Beaune<\/h4><\/a><\/div><\/div><div data-colibri-id=\"2437-c11\" class=\"style-2291 style-local-2437-c11 position-relative h-element\"><div class=\"h-global-transition-all\"><div class=\"colibri-post-excerpt\">&nbsp;Save the date&nbsp; La&nbsp;Journ\u00e9e Technique GTV BFC \/ AFVAC BFC&nbsp;revient en 2026 au Palais des Congr\u00e8s de Beaune !&nbsp;Jeudi 15 octobre 2026&nbsp;Beaune \u2013 Palais des Congr\u00e8s Une journ\u00e9e 100% d\u00e9di\u00e9e aux v\u00e9t\u00e9rinaires et ASV, pens\u00e9e pour favoriser les \u00e9changes, les cas pratiques et le partage d\u2019exp\u00e9rience [&hellip;]<\/div><\/div><\/div><\/div><\/div><\/div><\/div><\/div><div data-colibri-id=\"2437-c12\" class=\"h-row-container gutters-row-lg-2 gutters-row-md-2 gutters-row-2 gutters-row-v-lg-2 gutters-row-v-md-2 gutters-row-v-2 style-2292 style-local-2437-c12 position-relative\"><div class=\"h-row justify-content-lg-center justify-content-md-center justify-content-center align-items-lg-stretch align-items-md-stretch align-items-stretch gutters-col-lg-2 gutters-col-md-2 gutters-col-2 gutters-col-v-lg-2 gutters-col-v-md-2 gutters-col-v-2\"> <div class=\"h-column h-column-container d-flex h-col-lg h-col-md h-col style-2293-outer style-local-2437-c13-outer\"><div data-colibri-id=\"2437-c13\" class=\"d-flex h-flex-basis h-column__inner h-ui-empty-state-container h-px-lg-2 h-px-md-2 h-px-2 v-inner-lg-0 v-inner-md-0 v-inner-0 style-2293 style-local-2437-c13 position-relative\"> <div class=\"w-100 h-y-container h-column__content h-column__v-align flex-basis-100\"> <\/div><\/div><\/div><div class=\"h-column h-column-container d-flex h-col-lg-auto h-col-md-auto h-col-auto style-2294-outer style-local-2437-c14-outer\"><div data-colibri-id=\"2437-c14\" class=\"d-flex h-flex-basis h-column__inner h-px-lg-2 h-px-md-2 h-px-2 v-inner-lg-0 v-inner-md-0 v-inner-0 style-2294 style-local-2437-c14 position-relative\"> <div class=\"w-100 h-y-container h-column__content h-column__v-align flex-basis-auto align-self-lg-center align-self-md-center align-self-center\"> <div data-colibri-id=\"2437-c15\" class=\"h-x-container style-2295 style-local-2437-c15 position-relative h-element\"><div class=\"h-x-container-inner style-dynamic-2437-c15-group\"><span class=\"h-button__outer style-2296-outer style-local-2437-c16-outer d-inline-flex h-element\"><a href=\"https:\/\/gtvbfc.com\/index.php\/2026\/04\/03\/journee-technique-2026-jeudi-15-octobre-a-beaune\/\" data-colibri-id=\"2437-c16\" class=\"d-flex w-100 align-items-center h-button justify-content-lg-center justify-content-md-center justify-content-center style-2296 style-local-2437-c16 position-relative\"> <span>en savoir<\/span> <span class=\"h-svg-icon h-button__icon style-2296-icon style-local-2437-c16-icon\">\n    <svg version=\"1.1\" xmlns=\"http:\/\/www.w3.org\/2000\/svg\" xmlns:xlink=\"http:\/\/www.w3.org\/1999\/xlink\" id=\"plus-circle\" viewBox=\"0 0 1536 1896.0833\">\n      <path d=\"M1216 960V832q0-26-19-45t-45-19H896V512q0-26-19-45t-45-19H704q-26 0-45 19t-19 45v256H384q-26 0-45 19t-19 45v128q0 26 19 45t45 19h256v256q0 26 19 45t45 19h128q26 0 45-19t19-45v-256h256q26 0 45-19t19-45zm320-64q0 209-103 385.5T1153.5 1561 768 1664t-385.5-103T103 1281.5 0 896t103-385.5T382.5 231 768 128t385.5 103T1433 510.5 1536 896z\"><\/path>\n    <\/svg><\/span><\/a><\/span><\/div><\/div><\/div><\/div><\/div><\/div><\/div><\/div><\/div><\/div>\n      \n      \n        <div class=\"h-column h-column-container d-flex h-col-lg-3 h-col-md-6 h-col-12 post-8182 post type-post status-publish format-standard has-post-thumbnail hentry category-formation-veterinaire masonry-item style-2286-outer style-local-2437-c6-outer\"><div data-colibri-id=\"2437-c6\" class=\"d-flex h-flex-basis h-column__inner h-px-lg-2 h-px-md-2 h-px-2 v-inner-lg-2 v-inner-md-2 v-inner-2 style-2286 style-local-2437-c6 position-relative\"> <div class=\"w-100 h-y-container h-column__content h-column__v-align flex-basis-100 align-self-lg-start align-self-md-start align-self-start\"> <div data-href=\"https:\/\/gtvbfc.com\/index.php\/2026\/03\/03\/conduite-delevage-et-pathologie-en-elevage-ovin-en-bourgogne-2\/\" data-colibri-component=\"link\" data-colibri-id=\"2437-c7\" class=\"colibri-post-thumbnail colibri-post-has-thumbnail style-2287 style-local-2437-c7 h-overflow-hidden position-relative h-element\"><div class=\"h-global-transition-all colibri-post-thumbnail-shortcode style-dynamic-2437-c7-height\">            <a href=\"https:\/\/gtvbfc.com\/index.php\/2026\/03\/03\/conduite-delevage-et-pathologie-en-elevage-ovin-en-bourgogne-2\/\" title=\"L\u2019abreuvement en \u00e9levage bovin et ovin\">\n\t\t\t\t<img loading=\"lazy\" decoding=\"async\" width=\"1024\" height=\"768\" src=\"https:\/\/gtvbfc.com\/wp-content\/uploads\/2026\/03\/GTV-FORM-2.jpg\" class=\"attachment-post-thumbnail size-post-thumbnail wp-post-image\" alt=\"\" srcset=\"https:\/\/gtvbfc.com\/wp-content\/uploads\/2026\/03\/GTV-FORM-2.jpg 1024w, https:\/\/gtvbfc.com\/wp-content\/uploads\/2026\/03\/GTV-FORM-2-300x225.jpg 300w, https:\/\/gtvbfc.com\/wp-content\/uploads\/2026\/03\/GTV-FORM-2-768x576.jpg 768w\" sizes=\"auto, (max-width: 1024px) 100vw, 1024px\" \/>            <\/a>\n\t\t\t<\/div> <div class=\"colibri-post-thumbnail-content align-items-lg-center align-items-md-center align-items-center flex-basis-100\"><div class=\"w-100 h-y-container\"> <\/div><\/div><\/div><div data-colibri-id=\"2437-c8\" class=\"h-row-container gutters-row-lg-2 gutters-row-md-2 gutters-row-2 gutters-row-v-lg-2 gutters-row-v-md-2 gutters-row-v-2 style-2288 style-local-2437-c8 position-relative\"><div class=\"h-row justify-content-lg-center justify-content-md-center justify-content-center align-items-lg-stretch align-items-md-stretch align-items-stretch gutters-col-lg-2 gutters-col-md-2 gutters-col-2 gutters-col-v-lg-2 gutters-col-v-md-2 gutters-col-v-2\"> <div class=\"h-column h-column-container d-flex h-col-lg h-col-md h-col-auto style-2289-outer style-local-2437-c9-outer\"><div data-colibri-id=\"2437-c9\" class=\"d-flex h-flex-basis h-column__inner h-px-lg-2 h-px-md-2 h-px-2 v-inner-lg-2 v-inner-md-2 v-inner-2 style-2289 style-local-2437-c9 position-relative\"> <div class=\"w-100 h-y-container h-column__content h-column__v-align flex-basis-100 align-self-lg-start align-self-md-start align-self-start\"> <div data-colibri-id=\"2437-c10\" class=\"h-blog-title style-2290 style-local-2437-c10 position-relative h-element\"><div class=\"h-global-transition-all\"><a href=\"https:\/\/gtvbfc.com\/index.php\/2026\/03\/03\/conduite-delevage-et-pathologie-en-elevage-ovin-en-bourgogne-2\/\"><h4 class=\"colibri-word-wrap\">L\u2019abreuvement en \u00e9levage bovin et ovin<\/h4><\/a><\/div><\/div><div data-colibri-id=\"2437-c11\" class=\"style-2291 style-local-2437-c11 position-relative h-element\"><div class=\"h-global-transition-all\"><div class=\"colibri-post-excerpt\">L\u2019eau est un \u00e9l\u00e9ment essentiel \u00e0 la vie mais aussi, particularit\u00e9s des ruminants, au bon fonctionnement des fermentations ruminales. Jeudi 25 juin 2026 \u2013 Magny (89), anim\u00e9e par Nicolas MASSET Malgr\u00e9 le r\u00f4le essentiel de l\u2019eau en \u00e9levage, assez peu de donn\u00e9es scientifiques ont \u00e9valu\u00e9 son [&hellip;]<\/div><\/div><\/div><\/div><\/div><\/div><\/div><\/div><div data-colibri-id=\"2437-c12\" class=\"h-row-container gutters-row-lg-2 gutters-row-md-2 gutters-row-2 gutters-row-v-lg-2 gutters-row-v-md-2 gutters-row-v-2 style-2292 style-local-2437-c12 position-relative\"><div class=\"h-row justify-content-lg-center justify-content-md-center justify-content-center align-items-lg-stretch align-items-md-stretch align-items-stretch gutters-col-lg-2 gutters-col-md-2 gutters-col-2 gutters-col-v-lg-2 gutters-col-v-md-2 gutters-col-v-2\"> <div class=\"h-column h-column-container d-flex h-col-lg h-col-md h-col style-2293-outer style-local-2437-c13-outer\"><div data-colibri-id=\"2437-c13\" class=\"d-flex h-flex-basis h-column__inner h-ui-empty-state-container h-px-lg-2 h-px-md-2 h-px-2 v-inner-lg-0 v-inner-md-0 v-inner-0 style-2293 style-local-2437-c13 position-relative\"> <div class=\"w-100 h-y-container h-column__content h-column__v-align flex-basis-100\"> <\/div><\/div><\/div><div class=\"h-column h-column-container d-flex h-col-lg-auto h-col-md-auto h-col-auto style-2294-outer style-local-2437-c14-outer\"><div data-colibri-id=\"2437-c14\" class=\"d-flex h-flex-basis h-column__inner h-px-lg-2 h-px-md-2 h-px-2 v-inner-lg-0 v-inner-md-0 v-inner-0 style-2294 style-local-2437-c14 position-relative\"> <div class=\"w-100 h-y-container h-column__content h-column__v-align flex-basis-auto align-self-lg-center align-self-md-center align-self-center\"> <div data-colibri-id=\"2437-c15\" class=\"h-x-container style-2295 style-local-2437-c15 position-relative h-element\"><div class=\"h-x-container-inner style-dynamic-2437-c15-group\"><span class=\"h-button__outer style-2296-outer style-local-2437-c16-outer d-inline-flex h-element\"><a href=\"https:\/\/gtvbfc.com\/index.php\/2026\/03\/03\/conduite-delevage-et-pathologie-en-elevage-ovin-en-bourgogne-2\/\" data-colibri-id=\"2437-c16\" class=\"d-flex w-100 align-items-center h-button justify-content-lg-center justify-content-md-center justify-content-center style-2296 style-local-2437-c16 position-relative\"> <span>en savoir<\/span> <span class=\"h-svg-icon h-button__icon style-2296-icon style-local-2437-c16-icon\">\n    <svg version=\"1.1\" xmlns=\"http:\/\/www.w3.org\/2000\/svg\" xmlns:xlink=\"http:\/\/www.w3.org\/1999\/xlink\" id=\"plus-circle\" viewBox=\"0 0 1536 1896.0833\">\n      <path d=\"M1216 960V832q0-26-19-45t-45-19H896V512q0-26-19-45t-45-19H704q-26 0-45 19t-19 45v256H384q-26 0-45 19t-19 45v128q0 26 19 45t45 19h256v256q0 26 19 45t45 19h128q26 0 45-19t19-45v-256h256q26 0 45-19t19-45zm320-64q0 209-103 385.5T1153.5 1561 768 1664t-385.5-103T103 1281.5 0 896t103-385.5T382.5 231 768 128t385.5 103T1433 510.5 1536 896z\"><\/path>\n    <\/svg><\/span><\/a><\/span><\/div><\/div><\/div><\/div><\/div><\/div><\/div><\/div><\/div><\/div>\n      \n      \n        <div class=\"h-column h-column-container d-flex h-col-lg-3 h-col-md-6 h-col-12 post-8170 post type-post status-publish format-standard has-post-thumbnail hentry category-formation-veterinaire masonry-item style-2286-outer style-local-2437-c6-outer\"><div data-colibri-id=\"2437-c6\" class=\"d-flex h-flex-basis h-column__inner h-px-lg-2 h-px-md-2 h-px-2 v-inner-lg-2 v-inner-md-2 v-inner-2 style-2286 style-local-2437-c6 position-relative\"> <div class=\"w-100 h-y-container h-column__content h-column__v-align flex-basis-100 align-self-lg-start align-self-md-start align-self-start\"> <div data-href=\"https:\/\/gtvbfc.com\/index.php\/2026\/02\/26\/le-b-a-ba-en-apiculture-niveau-1-initiation-a-la-biologie-de-labeille-mellifere-et-aux-pratiques-apicoles\/\" data-colibri-component=\"link\" data-colibri-id=\"2437-c7\" class=\"colibri-post-thumbnail colibri-post-has-thumbnail style-2287 style-local-2437-c7 h-overflow-hidden position-relative h-element\"><div class=\"h-global-transition-all colibri-post-thumbnail-shortcode style-dynamic-2437-c7-height\">            <a href=\"https:\/\/gtvbfc.com\/index.php\/2026\/02\/26\/le-b-a-ba-en-apiculture-niveau-1-initiation-a-la-biologie-de-labeille-mellifere-et-aux-pratiques-apicoles\/\" title=\"Le B.A.-BA en apiculture (niveau 1) : Initiation \u00e0 la biologie de l\u2019abeille mellif\u00e8re et aux pratiques apicoles\">\n\t\t\t\t<img loading=\"lazy\" decoding=\"async\" width=\"1024\" height=\"768\" src=\"https:\/\/gtvbfc.com\/wp-content\/uploads\/2026\/02\/GTV-FORM.png\" class=\"attachment-post-thumbnail size-post-thumbnail wp-post-image\" alt=\"\" srcset=\"https:\/\/gtvbfc.com\/wp-content\/uploads\/2026\/02\/GTV-FORM.png 1024w, https:\/\/gtvbfc.com\/wp-content\/uploads\/2026\/02\/GTV-FORM-300x225.png 300w, https:\/\/gtvbfc.com\/wp-content\/uploads\/2026\/02\/GTV-FORM-768x576.png 768w\" sizes=\"auto, (max-width: 1024px) 100vw, 1024px\" \/>            <\/a>\n\t\t\t<\/div> <div class=\"colibri-post-thumbnail-content align-items-lg-center align-items-md-center align-items-center flex-basis-100\"><div class=\"w-100 h-y-container\"> <\/div><\/div><\/div><div data-colibri-id=\"2437-c8\" class=\"h-row-container gutters-row-lg-2 gutters-row-md-2 gutters-row-2 gutters-row-v-lg-2 gutters-row-v-md-2 gutters-row-v-2 style-2288 style-local-2437-c8 position-relative\"><div class=\"h-row justify-content-lg-center justify-content-md-center justify-content-center align-items-lg-stretch align-items-md-stretch align-items-stretch gutters-col-lg-2 gutters-col-md-2 gutters-col-2 gutters-col-v-lg-2 gutters-col-v-md-2 gutters-col-v-2\"> <div class=\"h-column h-column-container d-flex h-col-lg h-col-md h-col-auto style-2289-outer style-local-2437-c9-outer\"><div data-colibri-id=\"2437-c9\" class=\"d-flex h-flex-basis h-column__inner h-px-lg-2 h-px-md-2 h-px-2 v-inner-lg-2 v-inner-md-2 v-inner-2 style-2289 style-local-2437-c9 position-relative\"> <div class=\"w-100 h-y-container h-column__content h-column__v-align flex-basis-100 align-self-lg-start align-self-md-start align-self-start\"> <div data-colibri-id=\"2437-c10\" class=\"h-blog-title style-2290 style-local-2437-c10 position-relative h-element\"><div class=\"h-global-transition-all\"><a href=\"https:\/\/gtvbfc.com\/index.php\/2026\/02\/26\/le-b-a-ba-en-apiculture-niveau-1-initiation-a-la-biologie-de-labeille-mellifere-et-aux-pratiques-apicoles\/\"><h4 class=\"colibri-word-wrap\">Le B.A.-BA en apiculture (niveau 1) : Initiation \u00e0 la biologie de l\u2019abeille mellif\u00e8re et aux pratiques apicoles<\/h4><\/a><\/div><\/div><div data-colibri-id=\"2437-c11\" class=\"style-2291 style-local-2437-c11 position-relative h-element\"><div class=\"h-global-transition-all\"><div class=\"colibri-post-excerpt\">Les bases \u00e0 connaitre avant d\u2019aller plus loin en apiculture Organis\u00e9e par le GTV Grand-Est, dans le cadre de l&rsquo;ouverture d&rsquo;un Guichet Unique OMAA. Si vous souhaitez rejoindre l&rsquo;OMAA de la r\u00e9gion BFC, contactez-nous. Mercredi 01 avril 2026 \u2013 Morhange (57), anim\u00e9e par Samuel BOUCHER En [&hellip;]<\/div><\/div><\/div><\/div><\/div><\/div><\/div><\/div><div data-colibri-id=\"2437-c12\" class=\"h-row-container gutters-row-lg-2 gutters-row-md-2 gutters-row-2 gutters-row-v-lg-2 gutters-row-v-md-2 gutters-row-v-2 style-2292 style-local-2437-c12 position-relative\"><div class=\"h-row justify-content-lg-center justify-content-md-center justify-content-center align-items-lg-stretch align-items-md-stretch align-items-stretch gutters-col-lg-2 gutters-col-md-2 gutters-col-2 gutters-col-v-lg-2 gutters-col-v-md-2 gutters-col-v-2\"> <div class=\"h-column h-column-container d-flex h-col-lg h-col-md h-col style-2293-outer style-local-2437-c13-outer\"><div data-colibri-id=\"2437-c13\" class=\"d-flex h-flex-basis h-column__inner h-ui-empty-state-container h-px-lg-2 h-px-md-2 h-px-2 v-inner-lg-0 v-inner-md-0 v-inner-0 style-2293 style-local-2437-c13 position-relative\"> <div class=\"w-100 h-y-container h-column__content h-column__v-align flex-basis-100\"> <\/div><\/div><\/div><div class=\"h-column h-column-container d-flex h-col-lg-auto h-col-md-auto h-col-auto style-2294-outer style-local-2437-c14-outer\"><div data-colibri-id=\"2437-c14\" class=\"d-flex h-flex-basis h-column__inner h-px-lg-2 h-px-md-2 h-px-2 v-inner-lg-0 v-inner-md-0 v-inner-0 style-2294 style-local-2437-c14 position-relative\"> <div class=\"w-100 h-y-container h-column__content h-column__v-align flex-basis-auto align-self-lg-center align-self-md-center align-self-center\"> <div data-colibri-id=\"2437-c15\" class=\"h-x-container style-2295 style-local-2437-c15 position-relative h-element\"><div class=\"h-x-container-inner style-dynamic-2437-c15-group\"><span class=\"h-button__outer style-2296-outer style-local-2437-c16-outer d-inline-flex h-element\"><a href=\"https:\/\/gtvbfc.com\/index.php\/2026\/02\/26\/le-b-a-ba-en-apiculture-niveau-1-initiation-a-la-biologie-de-labeille-mellifere-et-aux-pratiques-apicoles\/\" data-colibri-id=\"2437-c16\" class=\"d-flex w-100 align-items-center h-button justify-content-lg-center justify-content-md-center justify-content-center style-2296 style-local-2437-c16 position-relative\"> <span>en savoir<\/span> <span class=\"h-svg-icon h-button__icon style-2296-icon style-local-2437-c16-icon\">\n    <svg version=\"1.1\" xmlns=\"http:\/\/www.w3.org\/2000\/svg\" xmlns:xlink=\"http:\/\/www.w3.org\/1999\/xlink\" id=\"plus-circle\" viewBox=\"0 0 1536 1896.0833\">\n      <path d=\"M1216 960V832q0-26-19-45t-45-19H896V512q0-26-19-45t-45-19H704q-26 0-45 19t-19 45v256H384q-26 0-45 19t-19 45v128q0 26 19 45t45 19h256v256q0 26 19 45t45 19h128q26 0 45-19t19-45v-256h256q26 0 45-19t19-45zm320-64q0 209-103 385.5T1153.5 1561 768 1664t-385.5-103T103 1281.5 0 896t103-385.5T382.5 231 768 128t385.5 103T1433 510.5 1536 896z\"><\/path>\n    <\/svg><\/span><\/a><\/span><\/div><\/div><\/div><\/div><\/div><\/div><\/div><\/div><\/div><\/div>\n      \n      \r\n                    <\/div>\r\n                <\/div>\r\n              <\/div>\r\n            <\/div>\r\n          <\/div>\r\n        <\/div>\r\n      <\/div>\r\n    <\/div>\r\n  <\/div>\r\n<\/div>","protected":false},"excerpt":{"rendered":"","protected":false},"author":1,"featured_media":0,"parent":0,"menu_order":0,"comment_status":"closed","ping_status":"closed","template":"page-templates\/full-width-page.php","meta":{"footnotes":""},"class_list":["post-2437","page","type-page","status-publish","hentry"],"_links":{"self":[{"href":"https:\/\/gtvbfc.com\/index.php\/wp-json\/wp\/v2\/pages\/2437","targetHints":{"allow":["GET"]}}],"collection":[{"href":"https:\/\/gtvbfc.com\/index.php\/wp-json\/wp\/v2\/pages"}],"about":[{"href":"https:\/\/gtvbfc.com\/index.php\/wp-json\/wp\/v2\/types\/page"}],"author":[{"embeddable":true,"href":"https:\/\/gtvbfc.com\/index.php\/wp-json\/wp\/v2\/users\/1"}],"replies":[{"embeddable":true,"href":"https:\/\/gtvbfc.com\/index.php\/wp-json\/wp\/v2\/comments?post=2437"}],"version-history":[{"count":3,"href":"https:\/\/gtvbfc.com\/index.php\/wp-json\/wp\/v2\/pages\/2437\/revisions"}],"predecessor-version":[{"id":2856,"href":"https:\/\/gtvbfc.com\/index.php\/wp-json\/wp\/v2\/pages\/2437\/revisions\/2856"}],"wp:attachment":[{"href":"https:\/\/gtvbfc.com\/index.php\/wp-json\/wp\/v2\/media?parent=2437"}],"curies":[{"name":"wp","href":"https:\/\/api.w.org\/{rel}","templated":true}]}}