{"id":2350,"date":"2023-06-21T18:00:35","date_gmt":"2023-06-21T16:00:35","guid":{"rendered":"http:\/\/gtvbfc.com\/?page_id=2350"},"modified":"2023-06-21T18:07:40","modified_gmt":"2023-06-21T16:07:40","slug":"maladies-dinteret-national","status":"publish","type":"page","link":"https:\/\/gtvbfc.com\/index.php\/maladies-dinteret-national\/","title":{"rendered":"Maladies d&rsquo;int\u00e9r\u00eat national"},"content":{"rendered":"<div data-colibri-id=\"2350-c1\" class=\"style-2059 style-local-2350-c1 position-relative\">\n  <!---->\n  <div data-colibri-component=\"section\" data-colibri-id=\"2350-c2\" id=\"about\" class=\"h-section h-section-global-spacing d-flex align-items-lg-center align-items-md-center align-items-center style-2060 style-local-2350-c2 position-relative\">\n    <!---->\n    <!---->\n    <div class=\"h-section-grid-container h-section-boxed-container\">\n      <!---->\n      <div data-colibri-id=\"2350-c3\" class=\"h-row-container gutters-row-lg-2 gutters-row-md-2 gutters-row-2 gutters-row-v-lg-2 gutters-row-v-md-2 gutters-row-v-2 style-2061 style-local-2350-c3 position-relative\">\n        <!---->\n        <div class=\"h-row justify-content-lg-center justify-content-md-center justify-content-center align-items-lg-stretch align-items-md-stretch align-items-stretch gutters-col-lg-2 gutters-col-md-2 gutters-col-2 gutters-col-v-lg-2 gutters-col-v-md-2 gutters-col-v-2\">\n          <!---->\n          <div class=\"h-column h-column-container d-flex h-col-lg-auto h-col-md-auto h-col-auto style-2062-outer style-local-2350-c4-outer\">\n            <div data-colibri-id=\"2350-c4\" class=\"d-flex h-flex-basis h-column__inner h-px-lg-2 h-px-md-2 h-px-2 v-inner-lg-2 v-inner-md-2 v-inner-2 style-2062 style-local-2350-c4 position-relative\">\n              <!---->\n              <!---->\n              <div class=\"w-100 h-y-container h-column__content h-column__v-align flex-basis-100 align-self-lg-center align-self-md-center align-self-center\">\n                <!---->\n                <div data-colibri-id=\"2350-c6\" class=\"h-global-transition-all h-heading style-2064 style-local-2350-c6 position-relative h-element\">\n                  <!---->\n                  <div class=\"h-heading__outer style-2064 style-local-2350-c6\">\n                    <!---->\n                    <!---->\n                    <h2 class=\"\">Une liste <em style=\"font-family: Playfair Display; color: rgb(247, 144, 7);\">compl\u00e9mentaire<\/em> <\/h2>\n                  <\/div>\n                <\/div>\n                <div data-colibri-id=\"2350-c7\" class=\"h-text h-text-component style-2065 style-local-2350-c7 position-relative h-element\">\n                  <!---->\n                  <!---->\n                  <div class=\"\">\n                    <p><span style=\"color: rgb(0, 0, 0);\">La nouvelle classification Europ\u00e9enne ne permet pas une transposition exacte des toutes les mesures applicables en France. Certaines maladies historiquement class\u00e9es ne sont pas cat\u00e9goris\u00e9es dans la LSA, d\u2019autres sont sujettes \u00e0 de plus importantes exigences de gestion ou, inversement, ne repr\u00e9sentent plus une priorit\u00e9 aussi importante qu\u2019autrefois.<\/span><\/p>\n                    <p><span style=\"color: rgb(0, 0, 0);\">Compte tenu de la classification europ\u00e9enne et les dispositions historiques fran\u00e7aise, il peut \u00eatre n\u00e9cessaire dans un but d\u2019int\u00e9r\u00eat collectif de mettre en \u0153uvre des mesures de gestion de certaines maladies et d\u2019\u00e9tablir une liste compl\u00e9mentaire<\/span><\/p>\n                    <p><span style=\"color: rgb(0, 0, 0);\">De ce fait, le Minist\u00e8re de l\u2019agriculture et de l\u2019alimentation, en collaboration avec les organisations professionnelles, a \u00e9tabli par arr\u00eat\u00e9 minist\u00e9riel (AM du 3 mai 2022 \u00ab\u00a0listant les maladies animales r\u00e9glement\u00e9es d&rsquo;int\u00e9r\u00eat national en application de l&rsquo;article L. 221-1 du code rural et de la p\u00eache maritime\u00a0\u00bb) une <\/span>\n                      <strong\n                        style=\"color: rgb(0, 0, 0); font-family: Lato;\">liste de maladies animales r\u00e9glement\u00e9es pour lesquelles des mesures de surveillance, de pr\u00e9vention et de lutte peuvent \u00eatre mise en place, en compl\u00e9ment de la r\u00e9glementation europ\u00e9enne<\/strong><span style=\"color: rgb(0, 0, 0);\">.<\/span><\/p>\n                    <p><span style=\"color: rgb(0, 0, 0);\">La liste se divise en deux parties. Les maladies animales de la <\/span><strong style=\"color: rgb(0, 0, 0); font-family: Lato;\">liste I<\/strong><span style=\"color: rgb(0, 0, 0);\"> sont g\u00e9r\u00e9es par l\u2019\u00c9tat sans limite de temps. Les maladies animales de la <\/span>\n                      <strong\n                        style=\"color: rgb(0, 0, 0); font-family: Lato;\">liste II<\/strong><span style=\"color: rgb(0, 0, 0);\"> sont g\u00e9r\u00e9es de mani\u00e8re transitoire par l\u2019\u00c9tat jusqu\u2019\u00e0 18 mois apr\u00e8s la publication du d\u00e9cret d\u2019application de l\u2019ordonnance adaptant le droit fran\u00e7ais \u00e0 la LSA. Cette p\u00e9riode permettra aux organisations professionnelles de mettre en place des actions collectives et mutualis\u00e9es de surveillance, de pr\u00e9vention et de lutte <\/span>\n                        <strong\n                          style=\"color: rgb(0, 0, 0); font-family: Lato;\">(PSIC \u2013 programme sanitaire d\u2019int\u00e9r\u00eat collectif)<\/strong><span style=\"color: rgb(0, 0, 0);\"> contre les maladies animales notamment list\u00e9es en annexe II en fin d&rsquo;article.<br><\/span><\/p>\n                    <p>\n                      <br>\n                    <\/p>\n                  <\/div>\n                <\/div>\n                <div data-colibri-id=\"2350-c8\" class=\"h-x-container style-2066 style-local-2350-c8 position-relative h-element\">\n                  <!---->\n                  <div class=\"h-x-container-inner style-dynamic-2350-c8-group style-2066-spacing style-local-2350-c8-spacing\"><span class=\"h-button__outer style-2067-outer style-local-2350-c9-outer d-inline-flex h-element\"><a h-use-smooth-scroll=\"true\" href=\"https:\/\/www.legifrance.gouv.fr\/jorf\/id\/JORFTEXT000045753312\"  data-colibri-id=\"2350-c9\" class=\"d-flex w-100 align-items-center h-button justify-content-lg-center justify-content-md-center justify-content-center style-2067 style-local-2350-c9 position-relative\"><!----><!----> <span>Arr\u00eat\u00e9 minist\u00e9riel<\/span><\/a>\n                    <\/span>\n                  <\/div>\n                <\/div>\n              <\/div>\n            <\/div>\n          <\/div>\n          <div class=\"h-column h-column-container d-flex h-col-lg-auto h-col-md-auto h-col-auto style-2068-outer style-local-2350-c10-outer\">\n            <div data-colibri-id=\"2350-c10\" class=\"d-flex h-flex-basis h-column__inner h-px-lg-2 h-px-md-2 h-px-2 v-inner-lg-2 v-inner-md-2 v-inner-2 style-2068 style-local-2350-c10 position-relative\">\n              <!---->\n              <!---->\n              <div class=\"w-100 h-y-container h-column__content h-column__v-align flex-basis-100 align-self-lg-center align-self-md-center align-self-center\">\n                <!---->\n                <div data-colibri-id=\"2350-c11\" class=\"d-block style-2069 style-local-2350-c11 position-relative h-element\">\n                  <!---->\n                  <div class=\"h-image__frame-container-outer\">\n                    <div class=\"h-image__frame-container\">\n                      <!---->\n                      <!---->\n                      <img loading=\"lazy\" decoding=\"async\" width=\"328\" height=\"523\" src=\"https:\/\/gtvbfc.com\/wp-content\/uploads\/2023\/06\/flags.png\" class=\"wp-image-2353 style-2069-image style-local-2350-c11-image\" alt=\"\" srcset=\"https:\/\/gtvbfc.com\/wp-content\/uploads\/2023\/06\/flags.png 328w, https:\/\/gtvbfc.com\/wp-content\/uploads\/2023\/06\/flags-188x300.png 188w\" sizes=\"auto, (max-width: 328px) 100vw, 328px\" \/>\n                      <div class=\"h-image__frame h-hide-sm style-2069-frameImage style-local-2350-c11-frameImage\"><\/div>\n                    <\/div>\n                  <\/div>\n                <\/div>\n              <\/div>\n            <\/div>\n          <\/div>\n        <\/div>\n      <\/div>\n    <\/div>\n  <\/div>\n<\/div>","protected":false},"excerpt":{"rendered":"<p>Une liste compl\u00e9mentaire La nouvelle classification Europ\u00e9enne ne permet pas une transposition exacte des toutes les mesures applicables en France. Certaines maladies historiquement class\u00e9es ne sont pas cat\u00e9goris\u00e9es dans la LSA, d\u2019autres sont sujettes \u00e0 de plus importantes exigences de gestion ou, inversement, ne repr\u00e9sentent plus une priorit\u00e9 aussi importante qu\u2019autrefois. Compte tenu de la [&hellip;]<\/p>\n","protected":false},"author":1,"featured_media":0,"parent":0,"menu_order":0,"comment_status":"closed","ping_status":"closed","template":"page-templates\/full-width-page.php","meta":{"footnotes":""},"class_list":["post-2350","page","type-page","status-publish","hentry"],"_links":{"self":[{"href":"https:\/\/gtvbfc.com\/index.php\/wp-json\/wp\/v2\/pages\/2350","targetHints":{"allow":["GET"]}}],"collection":[{"href":"https:\/\/gtvbfc.com\/index.php\/wp-json\/wp\/v2\/pages"}],"about":[{"href":"https:\/\/gtvbfc.com\/index.php\/wp-json\/wp\/v2\/types\/page"}],"author":[{"embeddable":true,"href":"https:\/\/gtvbfc.com\/index.php\/wp-json\/wp\/v2\/users\/1"}],"replies":[{"embeddable":true,"href":"https:\/\/gtvbfc.com\/index.php\/wp-json\/wp\/v2\/comments?post=2350"}],"version-history":[{"count":2,"href":"https:\/\/gtvbfc.com\/index.php\/wp-json\/wp\/v2\/pages\/2350\/revisions"}],"predecessor-version":[{"id":2355,"href":"https:\/\/gtvbfc.com\/index.php\/wp-json\/wp\/v2\/pages\/2350\/revisions\/2355"}],"wp:attachment":[{"href":"https:\/\/gtvbfc.com\/index.php\/wp-json\/wp\/v2\/media?parent=2350"}],"curies":[{"name":"wp","href":"https:\/\/api.w.org\/{rel}","templated":true}]}}