{"id":1749,"date":"2023-06-01T16:02:30","date_gmt":"2023-06-01T14:02:30","guid":{"rendered":"http:\/\/gtvbfc.com\/?page_id=1749"},"modified":"2026-03-05T09:39:54","modified_gmt":"2026-03-05T08:39:54","slug":"omaa","status":"publish","type":"page","link":"https:\/\/gtvbfc.com\/index.php\/omaa\/","title":{"rendered":"OMAA"},"content":{"rendered":"<div data-colibri-id=\"1749-c1\" class=\"style-1793 style-local-1749-c1 position-relative\">\n  <!---->\n  <div data-colibri-component=\"section\" data-colibri-id=\"1749-c2\" id=\"about\" class=\"h-section h-section-global-spacing d-flex align-items-lg-center align-items-md-center align-items-center style-1794 style-local-1749-c2 position-relative\">\n    <!---->\n    <!---->\n    <div class=\"h-section-grid-container h-section-boxed-container\">\n      <!---->\n      <div data-colibri-id=\"1749-c3\" class=\"h-row-container gutters-row-lg-0 gutters-row-md-0 gutters-row-0 gutters-row-v-lg-0 gutters-row-v-md-0 gutters-row-v-0 style-1795 style-local-1749-c3 position-relative\">\n        <!---->\n        <div class=\"h-row justify-content-lg-center justify-content-md-center justify-content-center align-items-lg-stretch align-items-md-stretch align-items-stretch gutters-col-lg-0 gutters-col-md-0 gutters-col-0 gutters-col-v-lg-0 gutters-col-v-md-0 gutters-col-v-0\">\n          <!---->\n          <div class=\"h-column h-column-container d-flex h-col-lg-auto h-col-md-auto h-col-auto style-1796-outer style-local-1749-c4-outer\">\n            <div data-colibri-id=\"1749-c4\" class=\"d-flex h-flex-basis h-column__inner h-ui-empty-state-container h-px-lg-0 h-px-md-0 h-px-0 v-inner-lg-0 v-inner-md-0 v-inner-0 style-1796 style-local-1749-c4 position-relative\">\n              <!---->\n              <!---->\n              <div class=\"w-100 h-y-container h-column__content h-column__v-align flex-basis-100\">\n                <!---->\n              <\/div>\n            <\/div>\n          <\/div>\n          <div class=\"h-column h-column-container d-flex h-col-lg-auto h-col-md-auto h-col-auto style-1797-outer style-local-1749-c5-outer\">\n            <div data-colibri-id=\"1749-c5\" class=\"d-flex h-flex-basis h-column__inner h-px-lg-2 h-px-md-2 h-px-2 v-inner-lg-2 v-inner-md-2 v-inner-2 style-1797 style-local-1749-c5 position-relative\">\n              <!---->\n              <!---->\n              <div class=\"w-100 h-y-container h-column__content h-column__v-align flex-basis-100 align-self-lg-start align-self-md-start align-self-start\">\n                <!---->\n                <div data-colibri-id=\"1749-c6\" class=\"h-global-transition-all h-heading style-1798 style-local-1749-c6 position-relative h-element\">\n                  <!---->\n                  <div class=\"h-heading__outer style-1798 style-local-1749-c6\">\n                    <!---->\n                    <!---->\n                    <h5 class=\"\">Epid\u00e9miosurveillance sant\u00e9 animale<\/h5>\n                  <\/div>\n                <\/div>\n                <div data-colibri-id=\"1749-c7\" class=\"h-global-transition-all h-heading style-1799 style-local-1749-c7 position-relative h-element\">\n                  <!---->\n                  <div class=\"h-heading__outer style-1799 style-local-1749-c7\">\n                    <!---->\n                    <!---->\n                    <h3 class=\"\">Observatoire des Mortalit\u00e9s et des Affaiblissements de l&rsquo;Abeille mellif\u00e8re<\/h3>\n                  <\/div>\n                <\/div>\n                <div data-colibri-id=\"1749-c8\" class=\"h-text h-text-component style-1800 style-local-1749-c8 position-relative h-element\">\n                  <!---->\n                  <!---->\n                  <div class=\"\">\n                    <p>Pendant l\u2019hiver 2013\/2014, un taux important de mortalit\u00e9 hivernale d\u2019abeilles a \u00e9t\u00e9 constat\u00e9 dans la cha\u00eene pyr\u00e9n\u00e9enne. Cet \u00e9v\u00e9nement a mis en \u00e9vidence des lacune dans la surveillance sanitaire apicole. Plusieurs actions ont alors\n                      \u00e9t\u00e9 d\u00e9finies parmi lesquelles la mise en place d\u2019un Observatoire des mortalit\u00e9s et des affaiblissements de l\u2019abeille mellif\u00e8re (OMAA) pour d\u00e9tecter et \u00e9mettre une alerte rapide lors de recrudescences d\u2019\u00e9v\u00e9nements de sant\u00e9 de faible\n                      \u00e0 moyenne intensit\u00e9 touchant les colonies d\u2019abeilles.<\/p>\n                  <\/div>\n                <\/div>\n              <\/div>\n            <\/div>\n          <\/div>\n        <\/div>\n      <\/div>\n    <\/div>\n  <\/div>\n  <div data-colibri-component=\"section\" data-colibri-id=\"1749-c9\" id=\"custom\" class=\"h-section h-section-global-spacing d-flex align-items-lg-center align-items-md-center align-items-center style-2400 style-local-1749-c9 position-relative\">\n    <!---->\n    <!---->\n    <div class=\"h-section-grid-container h-section-boxed-container\">\n      <!---->\n      <div data-colibri-id=\"1749-c10\" class=\"h-row-container gutters-row-lg-2 gutters-row-md-2 gutters-row-0 gutters-row-v-lg-2 gutters-row-v-md-2 gutters-row-v-2 style-2403 style-local-1749-c10 position-relative\">\n        <!---->\n        <div class=\"h-row justify-content-lg-center justify-content-md-center justify-content-center align-items-lg-stretch align-items-md-stretch align-items-stretch gutters-col-lg-2 gutters-col-md-2 gutters-col-0 gutters-col-v-lg-2 gutters-col-v-md-2 gutters-col-v-2\">\n          <!---->\n          <div class=\"h-column h-column-container d-flex h-col-lg-auto h-col-md-auto h-col-auto style-2404-outer style-local-1749-c11-outer\">\n            <div data-colibri-id=\"1749-c11\" class=\"d-flex h-flex-basis h-column__inner h-px-lg-2 h-px-md-2 h-px-2 v-inner-lg-2 v-inner-md-2 v-inner-2 style-2404 style-local-1749-c11 position-relative\">\n              <!---->\n              <!---->\n              <div class=\"w-100 h-y-container h-column__content h-column__v-align flex-basis-100 align-self-lg-start align-self-md-start align-self-start\">\n                <!---->\n                <div data-colibri-id=\"1749-c12\" class=\"d-block style-2405 style-local-1749-c12 position-relative h-element\">\n                  <!---->\n                  <div class=\"h-image__frame-container-outer\">\n                    <div class=\"h-image__frame-container\">\n                      <!---->\n                      <!---->\n                      <img loading=\"lazy\" decoding=\"async\" width=\"897\" height=\"1267\" src=\"https:\/\/gtvbfc.com\/wp-content\/uploads\/2023\/07\/omaa_affiche.png\" class=\"wp-image-2539 style-2405-image style-local-1749-c12-image\" alt=\"\" srcset=\"https:\/\/gtvbfc.com\/wp-content\/uploads\/2023\/07\/omaa_affiche.png 897w, https:\/\/gtvbfc.com\/wp-content\/uploads\/2023\/07\/omaa_affiche-212x300.png 212w, https:\/\/gtvbfc.com\/wp-content\/uploads\/2023\/07\/omaa_affiche-725x1024.png 725w, https:\/\/gtvbfc.com\/wp-content\/uploads\/2023\/07\/omaa_affiche-768x1085.png 768w\" sizes=\"auto, (max-width: 897px) 100vw, 897px\" \/>\n                      <div class=\"h-image__frame h-hide-lg h-hide-md h-hide-sm style-2405-frameImage style-local-1749-c12-frameImage\"><\/div>\n                    <\/div>\n                  <\/div>\n                <\/div>\n              <\/div>\n            <\/div>\n          <\/div>\n        <\/div>\n      <\/div>\n      <div data-colibri-id=\"1749-c13\" class=\"h-row-container gutters-row-lg-2 gutters-row-md-2 gutters-row-0 gutters-row-v-lg-2 gutters-row-v-md-2 gutters-row-v-2 style-2401 style-local-1749-c13 position-relative\">\n        <!---->\n        <div class=\"h-row justify-content-lg-center justify-content-md-center justify-content-center align-items-lg-stretch align-items-md-stretch align-items-stretch gutters-col-lg-2 gutters-col-md-2 gutters-col-0 gutters-col-v-lg-2 gutters-col-v-md-2 gutters-col-v-2\">\n          <!---->\n          <div class=\"h-column h-column-container d-flex h-col-lg-auto h-col-md-auto h-col-auto style-2402-outer style-local-1749-c14-outer\">\n            <div data-colibri-id=\"1749-c14\" class=\"d-flex h-flex-basis h-column__inner h-ui-empty-state-container h-px-lg-2 h-px-md-2 h-px-2 v-inner-lg-2 v-inner-md-2 v-inner-2 style-2402 style-local-1749-c14 position-relative\">\n              <!---->\n              <!---->\n              <div class=\"w-100 h-y-container h-column__content h-column__v-align flex-basis-100\">\n                <!---->\n              <\/div>\n            <\/div>\n          <\/div>\n        <\/div>\n      <\/div>\n    <\/div>\n  <\/div>\n  <div data-colibri-component=\"section\" data-colibri-id=\"1749-c15\" id=\"team\" class=\"h-section h-section-global-spacing d-flex align-items-lg-center align-items-md-center align-items-center style-2420 style-local-1749-c15 position-relative\">\n    <!---->\n    <!---->\n    <div class=\"h-section-grid-container h-section-boxed-container\">\n      <!---->\n      <div data-colibri-id=\"1749-c16\" class=\"h-row-container gutters-row-lg-2 gutters-row-md-2 gutters-row-2 gutters-row-v-lg-2 gutters-row-v-md-2 gutters-row-v-2 style-2421 style-local-1749-c16 position-relative\">\n        <!---->\n        <div class=\"h-row justify-content-lg-center justify-content-md-center justify-content-center align-items-lg-stretch align-items-md-stretch align-items-stretch gutters-col-lg-2 gutters-col-md-2 gutters-col-2 gutters-col-v-lg-2 gutters-col-v-md-2 gutters-col-v-2\">\n          <!---->\n          <div class=\"h-column h-column-container d-flex h-col-lg-3 h-col-md-6 h-col-12 style-2422-outer style-local-1749-c17-outer\">\n            <div data-colibri-id=\"1749-c17\" class=\"d-flex h-flex-basis h-column__inner h-px-lg-0 h-px-md-0 h-px-0 v-inner-lg-0 v-inner-md-0 v-inner-0 style-2422 style-local-1749-c17 position-relative\">\n              <!---->\n              <!---->\n              <div class=\"w-100 h-y-container h-column__content h-column__v-align flex-basis-100 align-self-lg-start align-self-md-start align-self-start\">\n                <!---->\n                <div data-colibri-id=\"1749-c18\" class=\"h-row-container gutters-row-lg-0 gutters-row-md-0 gutters-row-0 gutters-row-v-lg-0 gutters-row-v-md-0 gutters-row-v-0 style-2424 style-local-1749-c18 position-relative\">\n                  <!---->\n                  <div class=\"h-row justify-content-lg-center justify-content-md-center justify-content-center align-items-lg-stretch align-items-md-stretch align-items-stretch gutters-col-lg-0 gutters-col-md-0 gutters-col-0 gutters-col-v-lg-0 gutters-col-v-md-0 gutters-col-v-0\">\n                    <!---->\n                    <div class=\"h-column h-column-container d-flex h-col-lg-auto h-col-md-auto h-col-auto style-2425-outer style-local-1749-c19-outer\">\n                      <div data-colibri-id=\"1749-c19\" class=\"d-flex h-flex-basis h-column__inner h-px-lg-2 h-px-md-2 h-px-2 v-inner-lg-2 v-inner-md-2 v-inner-2 style-2425 style-local-1749-c19 position-relative\">\n                        <!---->\n                        <!---->\n                        <div class=\"w-100 h-y-container h-column__content h-column__v-align flex-basis-100 align-self-lg-start align-self-md-start align-self-start\">\n                          <!---->\n                          <div data-colibri-id=\"1749-c20\" class=\"h-global-transition-all h-heading style-2426 style-local-1749-c20 position-relative h-element\">\n                            <!---->\n                            <div class=\"h-heading__outer style-2426 style-local-1749-c20\">\n                              <!---->\n                              <!---->\n                              <h4 class=\"\">Patricia DESCHER<\/h4>\n                            <\/div>\n                          <\/div>\n                          <div data-colibri-id=\"1749-c21\" class=\"h-text h-text-component style-2427 style-local-1749-c21 position-relative h-element\">\n                            <!---->\n                            <!---->\n                            <div class=\"\">\n                              <p>Animatrice, v\u00e9t\u00e9rinaire DIE<\/p>\n                              <p>omaa.bfc@gmail.com<\/p>\n                            <\/div>\n                          <\/div>\n                        <\/div>\n                      <\/div>\n                    <\/div>\n                  <\/div>\n                <\/div>\n              <\/div>\n            <\/div>\n          <\/div>\n          <div class=\"h-column h-column-container d-flex h-col-lg-3 h-col-md-6 h-col-12 style-2422-outer style-local-1749-c22-outer\">\n            <div data-colibri-id=\"1749-c22\" class=\"d-flex h-flex-basis h-column__inner h-px-lg-0 h-px-md-0 h-px-0 v-inner-lg-0 v-inner-md-0 v-inner-0 style-2422 style-local-1749-c22 position-relative\">\n              <!---->\n              <!---->\n              <div class=\"w-100 h-y-container h-column__content h-column__v-align flex-basis-100 align-self-lg-start align-self-md-start align-self-start\">\n                <!---->\n                <div data-colibri-id=\"1749-c23\" class=\"h-row-container gutters-row-lg-0 gutters-row-md-0 gutters-row-0 gutters-row-v-lg-0 gutters-row-v-md-0 gutters-row-v-0 style-2424 style-local-1749-c23 position-relative\">\n                  <!---->\n                  <div class=\"h-row justify-content-lg-center justify-content-md-center justify-content-center align-items-lg-stretch align-items-md-stretch align-items-stretch gutters-col-lg-0 gutters-col-md-0 gutters-col-0 gutters-col-v-lg-0 gutters-col-v-md-0 gutters-col-v-0\">\n                    <!---->\n                    <div class=\"h-column h-column-container d-flex h-col-lg-auto h-col-md-auto h-col-auto style-2425-outer style-local-1749-c24-outer\">\n                      <div data-colibri-id=\"1749-c24\" class=\"d-flex h-flex-basis h-column__inner h-px-lg-2 h-px-md-2 h-px-2 v-inner-lg-2 v-inner-md-2 v-inner-2 style-2425 style-local-1749-c24 position-relative\">\n                        <!---->\n                        <!---->\n                        <div class=\"w-100 h-y-container h-column__content h-column__v-align flex-basis-100 align-self-lg-start align-self-md-start align-self-start\">\n                          <!---->\n                          <div data-colibri-id=\"1749-c25\" class=\"h-global-transition-all h-heading style-2426 style-local-1749-c25 position-relative h-element\">\n                            <!---->\n                            <div class=\"h-heading__outer style-2426 style-local-1749-c25\">\n                              <!---->\n                              <!---->\n                              <h4 class=\"\">Lionel GRISOT<\/h4>\n                            <\/div>\n                          <\/div>\n                          <div data-colibri-id=\"1749-c26\" class=\"h-text h-text-component style-2427 style-local-1749-c26 position-relative h-element\">\n                            <!---->\n                            <!---->\n                            <div class=\"\">\n                              <p>Coordinateur, v\u00e9t\u00e9rinaire DIE<\/p>\n                            <\/div>\n                          <\/div>\n                        <\/div>\n                      <\/div>\n                    <\/div>\n                  <\/div>\n                <\/div>\n              <\/div>\n            <\/div>\n          <\/div>\n          <div class=\"h-column h-column-container d-flex h-col-lg-3 h-col-md-6 h-col-12 style-2422-outer style-local-1749-c27-outer\">\n            <div data-colibri-id=\"1749-c27\" class=\"d-flex h-flex-basis h-column__inner h-px-lg-0 h-px-md-0 h-px-0 v-inner-lg-0 v-inner-md-0 v-inner-0 style-2422 style-local-1749-c27 position-relative\">\n              <!---->\n              <!---->\n              <div class=\"w-100 h-y-container h-column__content h-column__v-align flex-basis-100 align-self-lg-start align-self-md-start align-self-start\">\n                <!---->\n                <div data-colibri-id=\"1749-c28\" class=\"h-row-container gutters-row-lg-0 gutters-row-md-0 gutters-row-0 gutters-row-v-lg-0 gutters-row-v-md-0 gutters-row-v-0 style-2424 style-local-1749-c28 position-relative\">\n                  <!---->\n                  <div class=\"h-row justify-content-lg-center justify-content-md-center justify-content-center align-items-lg-stretch align-items-md-stretch align-items-stretch gutters-col-lg-0 gutters-col-md-0 gutters-col-0 gutters-col-v-lg-0 gutters-col-v-md-0 gutters-col-v-0\">\n                    <!---->\n                    <div class=\"h-column h-column-container d-flex h-col-lg-auto h-col-md-auto h-col-auto style-2425-outer style-local-1749-c29-outer\">\n                      <div data-colibri-id=\"1749-c29\" class=\"d-flex h-flex-basis h-column__inner h-px-lg-2 h-px-md-2 h-px-2 v-inner-lg-2 v-inner-md-2 v-inner-2 style-2425 style-local-1749-c29 position-relative\">\n                        <!---->\n                        <!---->\n                        <div class=\"w-100 h-y-container h-column__content h-column__v-align flex-basis-100 align-self-lg-start align-self-md-start align-self-start\">\n                          <!---->\n                          <div data-colibri-id=\"1749-c30\" class=\"h-global-transition-all h-heading style-2426 style-local-1749-c30 position-relative h-element\">\n                            <!---->\n                            <div class=\"h-heading__outer style-2426 style-local-1749-c30\">\n                              <!---->\n                              <!---->\n                              <h4 class=\"\">Laurent LABOURDETTE<\/h4>\n                            <\/div>\n                          <\/div>\n                          <div data-colibri-id=\"1749-c31\" class=\"h-text h-text-component style-2427 style-local-1749-c31 position-relative h-element\">\n                            <!---->\n                            <!---->\n                            <div class=\"\">\n                              <p>Coordinateur, v\u00e9t\u00e9rinaire DIE<\/p>\n                            <\/div>\n                          <\/div>\n                        <\/div>\n                      <\/div>\n                    <\/div>\n                  <\/div>\n                <\/div>\n              <\/div>\n            <\/div>\n          <\/div>\n          <div class=\"h-column h-column-container d-flex h-col-lg-3 h-col-md-6 h-col-12 style-2422-outer style-local-1749-c32-outer\">\n            <div data-colibri-id=\"1749-c32\" class=\"d-flex h-flex-basis h-column__inner h-px-lg-0 h-px-md-0 h-px-0 v-inner-lg-0 v-inner-md-0 v-inner-0 style-2422 style-local-1749-c32 position-relative\">\n              <!---->\n              <!---->\n              <div class=\"w-100 h-y-container h-column__content h-column__v-align flex-basis-100 align-self-lg-start align-self-md-start align-self-start\">\n                <!---->\n                <div data-colibri-id=\"1749-c33\" class=\"h-row-container gutters-row-lg-0 gutters-row-md-0 gutters-row-0 gutters-row-v-lg-0 gutters-row-v-md-0 gutters-row-v-0 style-2424 style-local-1749-c33 position-relative\">\n                  <!---->\n                  <div class=\"h-row justify-content-lg-center justify-content-md-center justify-content-center align-items-lg-stretch align-items-md-stretch align-items-stretch gutters-col-lg-0 gutters-col-md-0 gutters-col-0 gutters-col-v-lg-0 gutters-col-v-md-0 gutters-col-v-0\">\n                    <!---->\n                    <div class=\"h-column h-column-container d-flex h-col-lg-auto h-col-md-auto h-col-auto style-2425-outer style-local-1749-c34-outer\">\n                      <div data-colibri-id=\"1749-c34\" class=\"d-flex h-flex-basis h-column__inner h-px-lg-2 h-px-md-2 h-px-2 v-inner-lg-2 v-inner-md-2 v-inner-2 style-2425 style-local-1749-c34 position-relative\">\n                        <!---->\n                        <!---->\n                        <div class=\"w-100 h-y-container h-column__content h-column__v-align flex-basis-100 align-self-lg-start align-self-md-start align-self-start\">\n                          <!---->\n                          <div data-colibri-id=\"1749-c35\" class=\"h-global-transition-all h-heading style-2426 style-local-1749-c35 position-relative h-element\">\n                            <!---->\n                            <div class=\"h-heading__outer style-2426 style-local-1749-c35\">\n                              <!---->\n                              <!---->\n                              <h4 class=\"\">Joseph LEDONTAL<\/h4>\n                            <\/div>\n                          <\/div>\n                          <div data-colibri-id=\"1749-c36\" class=\"h-text h-text-component style-2427 style-local-1749-c36 position-relative h-element\">\n                            <!---->\n                            <!---->\n                            <div class=\"\">\n                              <p>Coordinateur, v\u00e9t\u00e9rinaire DIE, R-Responsable Section API BFC<\/p>\n                            <\/div>\n                          <\/div>\n                        <\/div>\n                      <\/div>\n                    <\/div>\n                  <\/div>\n                <\/div>\n              <\/div>\n            <\/div>\n          <\/div>\n        <\/div>\n      <\/div>\n    <\/div>\n  <\/div>\n<\/div>","protected":false},"excerpt":{"rendered":"<p>Epid\u00e9miosurveillance sant\u00e9 animale Observatoire des Mortalit\u00e9s et des Affaiblissements de l&rsquo;Abeille mellif\u00e8re Pendant l\u2019hiver 2013\/2014, un taux important de mortalit\u00e9 hivernale d\u2019abeilles a \u00e9t\u00e9 constat\u00e9 dans la cha\u00eene pyr\u00e9n\u00e9enne. Cet \u00e9v\u00e9nement a mis en \u00e9vidence des lacune dans la surveillance sanitaire apicole. Plusieurs actions ont alors \u00e9t\u00e9 d\u00e9finies parmi lesquelles la mise en place d\u2019un [&hellip;]<\/p>\n","protected":false},"author":1,"featured_media":0,"parent":0,"menu_order":0,"comment_status":"closed","ping_status":"closed","template":"page-templates\/full-width-page.php","meta":{"footnotes":""},"class_list":["post-1749","page","type-page","status-publish","hentry"],"_links":{"self":[{"href":"https:\/\/gtvbfc.com\/index.php\/wp-json\/wp\/v2\/pages\/1749","targetHints":{"allow":["GET"]}}],"collection":[{"href":"https:\/\/gtvbfc.com\/index.php\/wp-json\/wp\/v2\/pages"}],"about":[{"href":"https:\/\/gtvbfc.com\/index.php\/wp-json\/wp\/v2\/types\/page"}],"author":[{"embeddable":true,"href":"https:\/\/gtvbfc.com\/index.php\/wp-json\/wp\/v2\/users\/1"}],"replies":[{"embeddable":true,"href":"https:\/\/gtvbfc.com\/index.php\/wp-json\/wp\/v2\/comments?post=1749"}],"version-history":[{"count":12,"href":"https:\/\/gtvbfc.com\/index.php\/wp-json\/wp\/v2\/pages\/1749\/revisions"}],"predecessor-version":[{"id":8197,"href":"https:\/\/gtvbfc.com\/index.php\/wp-json\/wp\/v2\/pages\/1749\/revisions\/8197"}],"wp:attachment":[{"href":"https:\/\/gtvbfc.com\/index.php\/wp-json\/wp\/v2\/media?parent=1749"}],"curies":[{"name":"wp","href":"https:\/\/api.w.org\/{rel}","templated":true}]}}